{"id":171,"date":"2016-12-19T10:07:34","date_gmt":"2016-12-19T09:07:34","guid":{"rendered":"http:\/\/www.awametox.se\/?page_id=171"},"modified":"2018-11-19T16:05:27","modified_gmt":"2018-11-19T15:05:27","slug":"boken","status":"publish","type":"page","link":"https:\/\/awametox.se\/?page_id=171","title":{"rendered":"L\u00e4kemedelskemi"},"content":{"rendered":"<p>Boken <strong>L\u00e4kemedelskemi<\/strong>, 4:e utg\u00e5van (december 2016), av Alf Claesson och Uno Svensson (ISBN 9789163923111), ges ut av Awametox Consulting. Den \u00e4r tillg\u00e4nglig i Apotekarsocietetens <a href=\"https:\/\/www.apotekarsocieteten.se\/bokforsaljning\/\">n\u00e4tbutik<\/a> &#8211; pris 390 kr. \u00c4ven tillg\u00e4nglig hos Bokus och Adlibris, ca 430 kr.<\/p>\n<p>Du kan \u00e4ven best\u00e4lla direkt fr\u00e5n mig, g\u00e4rna flera exemplar och d\u00e5 f\u00e5r du rej\u00e4l rabatt. Skicka mejl till info@awametox.se f\u00f6r prisf\u00f6rfr\u00e5gan och ange &#8220;boken&#8221; i \u00e4mnesf\u00e4ltet!<\/p>\n<p><a href=\"http:\/\/media.awametox.se\/2016\/12\/omslag..jpg\"><img loading=\"lazy\" decoding=\"async\" class=\"alignnone size-medium wp-image-174\" src=\"http:\/\/media.awametox.se\/2016\/12\/omslag.-210x300.jpg\" alt=\"\" width=\"210\" height=\"300\" srcset=\"https:\/\/awametox.se\/wp-content\/uploads\/2016\/12\/omslag.-210x300.jpg 210w, https:\/\/awametox.se\/wp-content\/uploads\/2016\/12\/omslag..jpg 700w\" sizes=\"auto, (max-width: 210px) 100vw, 210px\" \/>\u00a0\u00a0 <\/a><a href=\"http:\/\/media.awametox.se\/2016\/12\/text1.jpg\"><img loading=\"lazy\" decoding=\"async\" class=\"alignnone size-medium wp-image-187\" src=\"http:\/\/media.awametox.se\/2016\/12\/text1-295x300.jpg\" alt=\"\" width=\"295\" height=\"300\" srcset=\"https:\/\/awametox.se\/wp-content\/uploads\/2016\/12\/text1-295x300.jpg 295w, https:\/\/awametox.se\/wp-content\/uploads\/2016\/12\/text1.jpg 700w\" sizes=\"auto, (max-width: 295px) 100vw, 295px\" \/><\/a><\/p>\n","protected":false},"excerpt":{"rendered":"<p>Boken L\u00e4kemedelskemi, 4:e utg\u00e5van (december 2016), av Alf Claesson och Uno Svensson (ISBN 9789163923111), ges ut av Awametox Consulting. Den \u00e4r tillg\u00e4nglig i Apotekarsocietetens n\u00e4tbutik &#8211; pris 390 kr. \u00c4ven tillg\u00e4nglig hos Bokus och Adlibris, ca 430 kr. Du kan \u00e4ven best\u00e4lla direkt fr\u00e5n mig, g\u00e4rna flera exemplar och d\u00e5 f\u00e5r du rej\u00e4l rabatt. Skicka&#8230;<\/p>\n","protected":false},"author":2,"featured_media":0,"parent":0,"menu_order":3,"comment_status":"closed","ping_status":"closed","template":"","meta":{"footnotes":""},"class_list":["post-171","page","type-page","status-publish","hentry"],"_links":{"self":[{"href":"https:\/\/awametox.se\/index.php?rest_route=\/wp\/v2\/pages\/171","targetHints":{"allow":["GET"]}}],"collection":[{"href":"https:\/\/awametox.se\/index.php?rest_route=\/wp\/v2\/pages"}],"about":[{"href":"https:\/\/awametox.se\/index.php?rest_route=\/wp\/v2\/types\/page"}],"author":[{"embeddable":true,"href":"https:\/\/awametox.se\/index.php?rest_route=\/wp\/v2\/users\/2"}],"replies":[{"embeddable":true,"href":"https:\/\/awametox.se\/index.php?rest_route=%2Fwp%2Fv2%2Fcomments&post=171"}],"version-history":[{"count":15,"href":"https:\/\/awametox.se\/index.php?rest_route=\/wp\/v2\/pages\/171\/revisions"}],"predecessor-version":[{"id":209,"href":"https:\/\/awametox.se\/index.php?rest_route=\/wp\/v2\/pages\/171\/revisions\/209"}],"wp:attachment":[{"href":"https:\/\/awametox.se\/index.php?rest_route=%2Fwp%2Fv2%2Fmedia&parent=171"}],"curies":[{"name":"wp","href":"https:\/\/api.w.org\/{rel}","templated":true}]}}